{"id":1515,"date":"2026-03-15T10:45:24","date_gmt":"2026-03-15T10:45:24","guid":{"rendered":"https:\/\/www.getclawhub.com\/contact-us\/"},"modified":"2026-03-15T10:45:24","modified_gmt":"2026-03-15T10:45:24","slug":"contact-us","status":"publish","type":"page","link":"https:\/\/www.getclawhub.com\/vi\/contact-us\/","title":{"rendered":"Li\u00ean h\u1ec7 v\u1edbi ch\u00fang t\u00f4i"},"content":{"rendered":"<style>\n\t\t\t#gch-contact-wrap, #gch-contact-wrap * {\n\t\t\t\tbox-sizing: border-box;\n\t\t\t}\n\n\t\t\t#gch-contact-wrap {\n\t\t\t\t--gch-contact-ink: #0a0a0f;\n\t\t\t\t--gch-contact-paper: #f5f4ef;\n\t\t\t\t--gch-contact-card: #ffffff;\n\t\t\t\t--gch-contact-border: #dedad2;\n\t\t\t\t--gch-contact-muted: #6b6960;\n\t\t\t\t--gch-contact-amber: #e8a020;\n\t\t\t\t--gch-contact-amber-pale: #fdf3d8;\n\t\t\t\t--gch-contact-teal: #0f7c6e;\n\t\t\t\t--gch-contact-shadow: 0 8px 34px rgba(10, 10, 15, 0.08);\n\t\t\t\tbackground: var(--gch-contact-paper);\n\t\t\t\tcolor: var(--gch-contact-ink);\n\t\t\t}\n\n\t\t\t#gch-contact-wrap a {\n\t\t\t\ttext-decoration: none;\n\t\t\t}\n\n\t\t\t#gch-contact-wrap .gch-contact-hero {\n\t\t\t\tposition: relative;\n\t\t\t\toverflow: hidden;\n\t\t\t\tbackground: #0a0a0f;\n\t\t\t\tpadding: 92px 5vw 84px;\n\t\t\t}\n\n\t\t\t#gch-contact-wrap .gch-contact-hero::before,\n\t\t\t#gch-contact-wrap .gch-contact-hero::after {\n\t\t\t\tcontent: '';\n\t\t\t\tposition: absolute;\n\t\t\t\tborder-radius: 999px;\n\t\t\t\tfilter: blur(6px);\n\t\t\t\topacity: 0.8;\n\t\t\t}\n\n\t\t\t#gch-contact-wrap .gch-contact-hero::before {\n\t\t\t\ttop: -120px;\n\t\t\t\tright: -140px;\n\t\t\t\twidth: 360px;\n\t\t\t\theight: 360px;\n\t\t\t\tbackground: radial-gradient(circle, rgba(232, 160, 32, 0.22) 0%, rgba(232, 160, 32, 0) 72%);\n\t\t\t}\n\n\t\t\t#gch-contact-wrap .gch-contact-hero::after {\n\t\t\t\tleft: -120px;\n\t\t\t\tbottom: -160px;\n\t\t\t\twidth: 320px;\n\t\t\t\theight: 320px;\n\t\t\t\tbackground: radial-gradient(circle, rgba(15, 124, 110, 0.20) 0%, rgba(15, 124, 110, 0) 70%);\n\t\t\t}\n\n\t\t\t#gch-contact-wrap .gch-contact-hero-inner {\n\t\t\t\tposition: relative;\n\t\t\t\tz-index: 1;\n\t\t\t\tmax-width: 1200px;\n\t\t\t\tmargin: 0 auto;\n\t\t\t}\n\n\t\t\t#gch-contact-wrap .gch-contact-kicker {\n\t\t\t\tdisplay: inline-flex;\n\t\t\t\talign-items: center;\n\t\t\t\tgap: 8px;\n\t\t\t\tpadding: 7px 14px;\n\t\t\t\tborder: 1px solid rgba(232, 160, 32, 0.28);\n\t\t\t\tborder-radius: 999px;\n\t\t\t\tbackground: rgba(232, 160, 32, 0.12);\n\t\t\t\tcolor: var(--gch-contact-amber);\n\t\t\t\tfont-size: 0.76rem;\n\t\t\t\tfont-weight: 700;\n\t\t\t\tletter-spacing: 0.08em;\n\t\t\t\ttext-transform: uppercase;\n\t\t\t}\n\n\t\t\t#gch-contact-wrap .gch-contact-kicker-dot {\n\t\t\t\twidth: 7px;\n\t\t\t\theight: 7px;\n\t\t\t\tborder-radius: 999px;\n\t\t\t\tbackground: currentColor;\n\t\t\t}\n\n\t\t\t#gch-contact-wrap .gch-contact-hero-grid {\n\t\t\t\tdisplay: grid;\n\t\t\t\tgrid-template-columns: minmax(0, 1.2fr) minmax(320px, 0.8fr);\n\t\t\t\tgap: 40px;\n\t\t\t\talign-items: end;\n\t\t\t\tmargin-top: 28px;\n\t\t\t}\n\n\t\t\t#gch-contact-wrap .gch-contact-hero-copy h1 {\n\t\t\t\tmargin: 0 0 18px;\n\t\t\t\tcolor: #ffffff;\n\t\t\t\tfont-size: clamp(2.4rem, 4.4vw, 4rem);\n\t\t\t\tline-height: 1.05;\n\t\t\t\tletter-spacing: -0.03em;\n\t\t\t}\n\n\t\t\t#gch-contact-wrap .gch-contact-hero-copy p {\n\t\t\t\tmax-width: 680px;\n\t\t\t\tmargin: 0;\n\t\t\t\tcolor: rgba(245, 244, 239, 0.76);\n\t\t\t\tfont-size: 1.02rem;\n\t\t\t\tline-height: 1.78;\n\t\t\t}\n\n\t\t\t#gch-contact-wrap .gch-contact-hero-panel {\n\t\t\t\tpadding: 28px;\n\t\t\t\tborder: 1px solid rgba(255, 255, 255, 0.08);\n\t\t\t\tborder-radius: 24px;\n\t\t\t\tbackground: rgba(255, 255, 255, 0.06);\n\t\t\t\tbackdrop-filter: blur(10px);\n\t\t\t\tcolor: #ffffff;\n\t\t\t\tbox-shadow: 0 18px 44px rgba(0, 0, 0, 0.18);\n\t\t\t}\n\n\t\t\t#gch-contact-wrap .gch-contact-hero-panel-label {\n\t\t\t\tmargin: 0 0 10px;\n\t\t\t\tcolor: rgba(245, 244, 239, 0.58);\n\t\t\t\tfont-size: 0.76rem;\n\t\t\t\tfont-weight: 700;\n\t\t\t\tletter-spacing: 0.08em;\n\t\t\t\ttext-transform: uppercase;\n\t\t\t}\n\n\t\t\t#gch-contact-wrap .gch-contact-email {\n\t\t\t\tdisplay: inline-flex;\n\t\t\t\talign-items: center;\n\t\t\t\tgap: 10px;\n\t\t\t\tmargin-bottom: 16px;\n\t\t\t\tcolor: #ffffff;\n\t\t\t\tfont-size: 1.05rem;\n\t\t\t\tfont-weight: 700;\n\t\t\t\tword-break: break-all;\n\t\t\t}\n\n\t\t\t#gch-contact-wrap .gch-contact-hero-panel p {\n\t\t\t\tmargin: 0;\n\t\t\t\tcolor: rgba(245, 244, 239, 0.72);\n\t\t\t\tfont-size: 0.93rem;\n\t\t\t\tline-height: 1.7;\n\t\t\t}\n\n\t\t\t#gch-contact-wrap .gch-contact-main {\n\t\t\t\tmax-width: 1200px;\n\t\t\t\tmargin: 0 auto;\n\t\t\t\tpadding: 68px 5vw 96px;\n\t\t\t}\n\n\t\t\t#gch-contact-wrap .gch-contact-grid {\n\t\t\t\tdisplay: grid;\n\t\t\t\tgrid-template-columns: repeat(3, minmax(0, 1fr));\n\t\t\t\tgap: 22px;\n\t\t\t\tmargin-bottom: 28px;\n\t\t\t}\n\n\t\t\t#gch-contact-wrap .gch-contact-card {\n\t\t\t\theight: 100%;\n\t\t\t\tpadding: 28px;\n\t\t\t\tborder: 1px solid var(--gch-contact-border);\n\t\t\t\tborder-radius: 22px;\n\t\t\t\tbackground: var(--gch-contact-card);\n\t\t\t\tbox-shadow: var(--gch-contact-shadow);\n\t\t\t}\n\n\t\t\t#gch-contact-wrap .gch-contact-card-highlight {\n\t\t\t\tbackground: linear-gradient(180deg, #fffdf7 0%, #ffffff 100%);\n\t\t\t}\n\n\t\t\t#gch-contact-wrap .gch-contact-icon {\n\t\t\t\twidth: 48px;\n\t\t\t\theight: 48px;\n\t\t\t\tdisplay: inline-grid;\n\t\t\t\tplace-items: center;\n\t\t\t\tmargin-bottom: 20px;\n\t\t\t\tborder-radius: 14px;\n\t\t\t\tbackground: var(--gch-contact-amber-pale);\n\t\t\t\tcolor: #7f5700;\n\t\t\t\tfont-size: 1.3rem;\n\t\t\t}\n\n\t\t\t#gch-contact-wrap .gch-contact-card h2,\n\t\t\t#gch-contact-wrap .gch-contact-card h3 {\n\t\t\t\tmargin: 0 0 12px;\n\t\t\t\tfont-size: 1.18rem;\n\t\t\t\tline-height: 1.2;\n\t\t\t\tletter-spacing: -0.02em;\n\t\t\t}\n\n\t\t\t#gch-contact-wrap .gch-contact-card p,\n\t\t\t#gch-contact-wrap .gch-contact-card li {\n\t\t\t\tmargin: 0;\n\t\t\t\tcolor: var(--gch-contact-muted);\n\t\t\t\tfont-size: 0.93rem;\n\t\t\t\tline-height: 1.72;\n\t\t\t}\n\n\t\t\t#gch-contact-wrap .gch-contact-card ul {\n\t\t\t\tmargin: 16px 0 0;\n\t\t\t\tpadding: 0;\n\t\t\t\tlist-style: none;\n\t\t\t\tdisplay: grid;\n\t\t\t\tgap: 10px;\n\t\t\t}\n\n\t\t\t#gch-contact-wrap .gch-contact-card li {\n\t\t\t\tdisplay: flex;\n\t\t\t\talign-items: flex-start;\n\t\t\t\tgap: 10px;\n\t\t\t}\n\n\t\t\t#gch-contact-wrap .gch-contact-card li::before {\n\t\t\t\tcontent: '';\n\t\t\t\tflex: 0 0 auto;\n\t\t\t\twidth: 7px;\n\t\t\t\theight: 7px;\n\t\t\t\tmargin-top: 8px;\n\t\t\t\tborder-radius: 999px;\n\t\t\t\tbackground: var(--gch-contact-teal);\n\t\t\t}\n\n\t\t\t#gch-contact-wrap .gch-contact-actions {\n\t\t\t\tdisplay: flex;\n\t\t\t\tflex-wrap: wrap;\n\t\t\t\tgap: 12px;\n\t\t\t\tmargin-top: 22px;\n\t\t\t}\n\n\t\t\t#gch-contact-wrap .gch-contact-button,\n\t\t\t#gch-contact-wrap .gch-contact-link {\n\t\t\t\tdisplay: inline-flex;\n\t\t\t\talign-items: center;\n\t\t\t\tjustify-content: center;\n\t\t\t\tgap: 8px;\n\t\t\t\tpadding: 13px 18px;\n\t\t\t\tborder-radius: 12px;\n\t\t\t\tfont-size: 0.92rem;\n\t\t\t\tfont-weight: 700;\n\t\t\t\ttransition: transform 0.2s ease, background-color 0.2s ease, color 0.2s ease, border-color 0.2s ease;\n\t\t\t}\n\n\t\t\t#gch-contact-wrap .gch-contact-button {\n\t\t\t\tbackground: #0a0a0f;\n\t\t\t\tcolor: #ffffff;\n\t\t\t\tbox-shadow: 0 12px 24px rgba(10, 10, 15, 0.14);\n\t\t\t}\n\n\t\t\t#gch-contact-wrap .gch-contact-button:hover {\n\t\t\t\ttransform: translateY(-1px);\n\t\t\t\tbackground: #df1720;\n\t\t\t}\n\n\t\t\t#gch-contact-wrap .gch-contact-link {\n\t\t\t\tborder: 1px solid var(--gch-contact-border);\n\t\t\t\tbackground: #ffffff;\n\t\t\t\tcolor: #0a0a0f;\n\t\t\t}\n\n\t\t\t#gch-contact-wrap .gch-contact-link:hover {\n\t\t\t\ttransform: translateY(-1px);\n\t\t\t\tborder-color: #c9c5bd;\n\t\t\t\tbackground: #faf9f4;\n\t\t\t}\n\n\t\t\t#gch-contact-wrap .gch-contact-support {\n\t\t\t\tdisplay: grid;\n\t\t\t\tgrid-template-columns: minmax(0, 1.1fr) minmax(0, 0.9fr);\n\t\t\t\tgap: 22px;\n\t\t\t\tmargin-top: 22px;\n\t\t\t}\n\n\t\t\t#gch-contact-wrap .gch-contact-note {\n\t\t\t\tmargin-top: 16px;\n\t\t\t\tpadding: 18px 20px;\n\t\t\t\tborder-radius: 16px;\n\t\t\t\tbackground: rgba(15, 124, 110, 0.06);\n\t\t\t\tborder: 1px solid rgba(15, 124, 110, 0.14);\n\t\t\t\tcolor: #0a4d43;\n\t\t\t\tfont-size: 0.9rem;\n\t\t\t\tline-height: 1.68;\n\t\t\t}\n\n\t\t\t@media (max-width: 980px) {\n\t\t\t\t#gch-contact-wrap .gch-contact-hero-grid,\n\t\t\t\t#gch-contact-wrap .gch-contact-grid,\n\t\t\t\t#gch-contact-wrap .gch-contact-support {\n\t\t\t\t\tgrid-template-columns: 1fr;\n\t\t\t\t}\n\t\t\t}\n\n\t\t\t@media (max-width: 768px) {\n\t\t\t\t#gch-contact-wrap .gch-contact-hero {\n\t\t\t\t\tpadding: 78px 16px 72px;\n\t\t\t\t}\n\n\t\t\t\t#gch-contact-wrap .gch-contact-main {\n\t\t\t\t\tpadding: 44px 16px 64px;\n\t\t\t\t}\n\n\t\t\t\t#gch-contact-wrap .gch-contact-card,\n\t\t\t\t#gch-contact-wrap .gch-contact-hero-panel {\n\t\t\t\t\tpadding: 22px;\n\t\t\t\t}\n\t\t\t}\n\t\t\t<\/style>\n\n\t\t\t<div id=\"gch-contact-wrap\">\n\t\t\t\t<section class=\"gch-contact-hero\">\n\t\t\t\t\t<div class=\"gch-contact-hero-inner\">\n\t\t\t\t\t\t<div class=\"gch-contact-kicker\">\n\t\t\t\t\t\t\t<span class=\"gch-contact-kicker-dot\"><\/span>\n\t\t\t\t\t\t\tLi\u00ean h\u1ec7 v\u1edbi ch\u00fang t\u00f4i\t\t\t\t\t\t<\/div>\n\t\t\t\t\t\t<div class=\"gch-contact-hero-grid\">\n\t\t\t\t\t\t\t<div class=\"gch-contact-hero-copy\">\n\t\t\t\t\t\t\t\t<h1>C\u1ea7n gi\u00fap \u0111\u1ee1 v\u1edbi GetClawHub?<\/h1>\n\t\t\t\t\t\t\t\t<p>N\u1ebfu b\u1ea1n g\u1eb7p v\u1ea5n \u0111\u1ec1 v\u1ec1 t\u1ea3i xu\u1ed1ng, v\u1ea5n \u0111\u1ec1 t\u00e0i kho\u1ea3n ho\u1eb7c c\u00e2u h\u1ecfi v\u1ec1 quy\u1ec1n ri\u00eang t\u01b0, h\u00e3y g\u1eedi email cho ch\u00fang t\u00f4i v\u00e0 ch\u00fang t\u00f4i s\u1ebd h\u01b0\u1edbng d\u1eabn b\u1ea1n b\u01b0\u1edbc ti\u1ebfp theo ph\u00f9 h\u1ee3p. Trang n\u00e0y l\u00e0 c\u00e1ch nhanh nh\u1ea5t \u0111\u1ec3 li\u00ean h\u1ec7 v\u1edbi nh\u00f3m ph\u00e1t tri\u1ec3n GetClawHub.<\/p>\n\t\t\t\t\t\t\t<\/div>\n\t\t\t\t\t\t\t<div class=\"gch-contact-hero-panel\">\n\t\t\t\t\t\t\t\t<div class=\"gch-contact-hero-panel-label\">Email h\u1ed7 tr\u1ee3 ch\u00ednh<\/div>\n\t\t\t\t\t\t\t\t<a class=\"gch-contact-email\" href=\"mailto:s&#117;pport&#064;g&#101;t&#099;&#108;aw&#104;ub&#046;c&#111;m?subject=GetClawHub%20support%20request\">\n\t\t\t\t\t\t\t\t\t<span>\u2709<\/span>\n\t\t\t\t\t\t\t\t\t<span>support@getclawhub.com<\/span>\n\t\t\t\t\t\t\t\t<\/a>\n\t\t\t\t\t\t\t\t<p>S\u1eed d\u1ee5ng h\u1ed9p th\u01b0 n\u00e0y \u0111\u1ec3 b\u00e1o c\u00e1o v\u1ea5n \u0111\u1ec1 t\u1ea3i xu\u1ed1ng, truy c\u1eadp t\u00e0i kho\u1ea3n, c\u00e2u h\u1ecfi v\u1ec1 thanh to\u00e1n ho\u1eb7c \u0111\u0103ng k\u00fd, v\u00e0 y\u00eau c\u1ea7u v\u1ec1 quy\u1ec1n ri\u00eang t\u01b0 ho\u1eb7c d\u1eef li\u1ec7u.<\/p>\n\t\t\t\t\t\t\t<\/div>\n\t\t\t\t\t\t<\/div>\n\t\t\t\t\t<\/div>\n\t\t\t\t<\/section>\n\n\t\t\t\t<main class=\"gch-contact-main\">\n\t\t\t\t\t<section class=\"gch-contact-grid\">\n\t\t\t\t\t\t<article class=\"gch-contact-card gch-contact-card-highlight\">\n\t\t\t\t\t\t\t<div class=\"gch-contact-icon\">\u2709<\/div>\n\t\t\t\t\t\t\t<h2>H\u1ed7 tr\u1ee3 qua Email<\/h2>\n\t\t\t\t\t\t\t<p>\u0110\u1ed1i v\u1edbi h\u1ea7u h\u1ebft c\u00e1c v\u1ea5n \u0111\u1ec1, email l\u00e0 ph\u01b0\u01a1ng \u00e1n t\u1ed1t nh\u1ea5t. Bao g\u1ed3m c\u00e1c \u1ea3nh ch\u1ee5p m\u00e0n h\u00ecnh li\u00ean quan, trang b\u1ea1n \u0111ang truy c\u1eadp, v\u00e0 \u0111\u1ecba ch\u1ec9 email li\u00ean k\u1ebft v\u1edbi t\u00e0i kho\u1ea3n c\u1ee7a b\u1ea1n \u0111\u1ec3 ch\u00fang t\u00f4i c\u00f3 th\u1ec3 h\u1ed7 tr\u1ee3 nhanh h\u01a1n.<\/p>\n\t\t\t\t\t\t\t<div class=\"gch-contact-actions\">\n\t\t\t\t\t\t\t\t<a class=\"gch-contact-button\" href=\"mailto:s&#117;pport&#064;g&#101;t&#099;&#108;aw&#104;ub&#046;c&#111;m?subject=GetClawHub%20support%20request\">Li\u00ean h\u1ec7 Email<\/a>\n\t\t\t\t\t\t\t\t<a class=\"gch-contact-link\" href=\"https:\/\/drive.google.com\/file\/d\/1oEc2Jy2JnCtbAT083AB8GNWdCblGgLVC\/view?usp=sharing\" target=\"_blank\" rel=\"nofollow noopener\">T\u1ea3i l\u1ea1i<\/a>\n\t\t\t\t\t\t\t<\/div>\n\t\t\t\t\t\t<\/article>\n\n\t\t\t\t\t\t<article class=\"gch-contact-card\">\n\t\t\t\t\t\t\t<div class=\"gch-contact-icon\">\ud83d\udc64<\/div>\n\t\t\t\t\t\t\t<h2>Tr\u1ee3 gi\u00fap t\u00e0i kho\u1ea3n<\/h2>\n\t\t\t\t\t\t\t<p>N\u1ebfu b\u1ea1n kh\u00f4ng th\u1ec3 \u0111\u0103ng nh\u1eadp, kh\u00f4ng th\u1ec3 li\u00ean k\u1ebft \u1ee9ng d\u1ee5ng c\u1ee7a m\u00ecnh, ho\u1eb7c c\u1ea7n tr\u1ee3 gi\u00fap v\u1ec1 quy\u1ec1n truy c\u1eadp th\u00e0nh vi\u00ean, h\u00e3y b\u1eaft \u0111\u1ea7u t\u1eeb trang \u0111\u0103ng nh\u1eadp v\u00e0 li\u00ean h\u1ec7 v\u1edbi ch\u00fang t\u00f4i n\u1ebfu v\u1ea5n \u0111\u1ec1 v\u1eabn c\u00f2n.<\/p>\n\t\t\t\t\t\t\t<div class=\"gch-contact-actions\">\n\t\t\t\t\t\t\t\t<a class=\"gch-contact-link\" href=\"https:\/\/www.getclawhub.com\/vi\/login\/\">\u0110i t\u1edbi \u0110\u0103ng nh\u1eadp<\/a>\n\t\t\t\t\t\t\t\t<a class=\"gch-contact-link\" href=\"https:\/\/www.getclawhub.com\/vi\/\">Quay l\u1ea1i Trang ch\u1ee7<\/a>\n\t\t\t\t\t\t\t<\/div>\n\t\t\t\t\t\t<\/article>\n\n\t\t\t\t\t\t<article class=\"gch-contact-card\">\n\t\t\t\t\t\t\t<div class=\"gch-contact-icon\">\ud83d\udd12<\/div>\n\t\t\t\t\t\t\t<h2>Privacy &amp; Legal<\/h2>\n\t\t\t\t\t\t\t<p>C\u00e1c c\u00e2u h\u1ecfi v\u1ec1 d\u1eef li\u1ec7u c\u1ee7a b\u1ea1n, y\u00eau c\u1ea7u x\u00f3a d\u1eef li\u1ec7u, ho\u1eb7c gi\u1ea3i th\u00edch ch\u00ednh s\u00e1ch c\u0169ng n\u00ean g\u1eedi \u0111\u1ebfn h\u1ed9p th\u01b0 h\u1ed7 tr\u1ee3 n\u00e0y. \u0110\u1ec1 c\u1eadp \u0111\u1ebfn email t\u00e0i kho\u1ea3n c\u1ee7a b\u1ea1n khi g\u1eedi th\u01b0.<\/p>\n\t\t\t\t\t\t\t<div class=\"gch-contact-actions\">\n\t\t\t\t\t\t\t\t<a class=\"gch-contact-link\" href=\"https:\/\/www.getclawhub.com\/vi\/privacy-policy\/\">Ch\u00ednh s\u00e1ch quy\u1ec1n ri\u00eang t\u01b0<\/a>\n\t\t\t\t\t\t\t\t<a class=\"gch-contact-link\" href=\"https:\/\/www.getclawhub.com\/vi\/terms-of-service\/\">\u0110i\u1ec1u kho\u1ea3n d\u1ecbch v\u1ee5<\/a>\n\t\t\t\t\t\t\t<\/div>\n\t\t\t\t\t\t<\/article>\n\t\t\t\t\t<\/section>\n\n\t\t\t\t\t<section class=\"gch-contact-support\">\n\t\t\t\t\t\t<article class=\"gch-contact-card\">\n\t\t\t\t\t\t\t<div class=\"gch-contact-icon\">\ud83d\udee0<\/div>\n\t\t\t\t\t\t\t<h3>Nh\u1eefng g\u00ec c\u1ea7n bao g\u1ed3m trong tin nh\u1eafn c\u1ee7a b\u1ea1n<\/h3>\n\t\t\t\t\t\t\t<ul>\n\t\t\t\t\t\t\t\t<li>Email t\u00e0i kho\u1ea3n c\u1ee7a b\u1ea1n ho\u1eb7c email b\u1ea1n d\u1ef1 ki\u1ebfn s\u1ebd s\u1eed d\u1ee5ng v\u1edbi GetClawHub.<\/li>\n\t\t\t\t\t\t\t\t<li>M\u00f4 t\u1ea3 ng\u1eafn g\u1ecdn v\u1ec1 nh\u1eefng g\u00ec \u0111\u00e3 x\u1ea3y ra v\u00e0 nh\u1eefng g\u00ec b\u1ea1n mong \u0111\u1ee3i thay th\u1ebf.<\/li>\n\t\t\t\t\t\t\t\t<li>Thi\u1ebft b\u1ecb ho\u1eb7c tr\u00ecnh duy\u1ec7t b\u1ea1n \u0111ang s\u1eed d\u1ee5ng, n\u1ebfu v\u1ea5n \u0111\u1ec1 li\u00ean quan \u0111\u1ebfn k\u1ef9 thu\u1eadt.<\/li>\n\t\t\t\t\t\t\t\t<li>\u1ea2nh ch\u1ee5p m\u00e0n h\u00ecnh ho\u1eb7c n\u1ed9i dung l\u1ed7i sao ch\u00e9p khi c\u00f3 s\u1eb5n.<\/li>\n\t\t\t\t\t\t\t<\/ul>\n\t\t\t\t\t\t\t<div class=\"gch-contact-note\">\u0110\u1ed1i v\u1edbi c\u00e1c v\u1ea5n \u0111\u1ec1 \u0111\u0103ng nh\u1eadp \u1ee9ng d\u1ee5ng, bao g\u1ed3m m\u00e3 thi\u1ebft b\u1ecb ho\u1eb7c \u1ea3nh ch\u1ee5p m\u00e0n h\u00ecnh c\u1ee7a m\u00e0n h\u00ecnh \u0111\u0103ng nh\u1eadp \u1ee9ng d\u1ee5ng n\u1ebfu c\u00f2n gi\u1eef \u0111\u01b0\u1ee3c. \u0110\u00f3 l\u00e0 c\u00e1ch nhanh nh\u1ea5t \u0111\u1ec3 ch\u00fang t\u00f4i truy t\u00ecm lu\u1ed3ng x\u00e1c th\u1ef1c.<\/div>\n\t\t\t\t\t\t<\/article>\n\n\t\t\t\t\t\t<article class=\"gch-contact-card\">\n\t\t\t\t\t\t\t<div class=\"gch-contact-icon\">\u23f1<\/div>\n\t\t\t\t\t\t\t<h3>C\u00e1c lo\u1ea1i y\u00eau c\u1ea7u \u0111i\u1ec3n h\u00ecnh<\/h3>\n\t\t\t\t\t\t\t<ul>\n\t\t\t\t\t\t\t\t<li>Li\u00ean k\u1ebft t\u1ea3i xu\u1ed1ng kh\u00f4ng ho\u1ea1t \u0111\u1ed9ng ho\u1eb7c tr\u00ecnh c\u00e0i \u0111\u1eb7t kh\u00f4ng ph\u00f9 h\u1ee3p.<\/li>\n\t\t\t\t\t\t\t\t<li>V\u1ea5n \u0111\u1ec1 \u0111\u0103ng nh\u1eadp, \u0111\u0103ng k\u00fd ho\u1eb7c truy c\u1eadp t\u00e0i kho\u1ea3n.<\/li>\n\t\t\t\t\t\t\t\t<li>C\u00e1c c\u00e2u h\u1ecfi v\u1ec1 \u0111\u0103ng k\u00fd, n\u1ed9i dung th\u00e0nh vi\u00ean ho\u1eb7c tr\u1ea1ng th\u00e1i t\u00e0i kho\u1ea3n.<\/li>\n\t\t\t\t\t\t\t\t<li>Y\u00eau c\u1ea7u v\u1ec1 quy\u1ec1n ri\u00eang t\u01b0, x\u00f3a d\u1eef li\u1ec7u ho\u1eb7c tu\u00e2n th\u1ee7 quy \u0111\u1ecbnh.<\/li>\n\t\t\t\t\t\t\t<\/ul>\n\t\t\t\t\t\t\t<div class=\"gch-contact-actions\">\n\t\t\t\t\t\t\t\t<a class=\"gch-contact-button\" href=\"mailto:s&#117;pport&#064;g&#101;t&#099;&#108;aw&#104;ub&#046;c&#111;m?subject=GetClawHub%20support%20request\">Email h\u1ed7 tr\u1ee3 m\u1edf<\/a>\n\t\t\t\t\t\t\t<\/div>\n\t\t\t\t\t\t<\/article>\n\t\t\t\t\t<\/section>\n\t\t\t\t<\/main>\n\t\t\t<\/div>","protected":false},"excerpt":{"rendered":"","protected":false},"author":0,"featured_media":0,"parent":0,"menu_order":0,"comment_status":"closed","ping_status":"closed","template":"elementor_canvas","meta":{"footnotes":""},"class_list":["post-1515","page","type-page","status-publish","hentry"],"blocksy_meta":[],"_links":{"self":[{"href":"https:\/\/www.getclawhub.com\/vi\/wp-json\/wp\/v2\/pages\/1515","targetHints":{"allow":["GET"]}}],"collection":[{"href":"https:\/\/www.getclawhub.com\/vi\/wp-json\/wp\/v2\/pages"}],"about":[{"href":"https:\/\/www.getclawhub.com\/vi\/wp-json\/wp\/v2\/types\/page"}],"replies":[{"embeddable":true,"href":"https:\/\/www.getclawhub.com\/vi\/wp-json\/wp\/v2\/comments?post=1515"}],"version-history":[{"count":0,"href":"https:\/\/www.getclawhub.com\/vi\/wp-json\/wp\/v2\/pages\/1515\/revisions"}],"wp:attachment":[{"href":"https:\/\/www.getclawhub.com\/vi\/wp-json\/wp\/v2\/media?parent=1515"}],"curies":[{"name":"wp","href":"https:\/\/api.w.org\/{rel}","templated":true}]}}