{"id":1515,"date":"2026-03-15T10:45:24","date_gmt":"2026-03-15T10:45:24","guid":{"rendered":"https:\/\/www.getclawhub.com\/contact-us\/"},"modified":"2026-03-15T10:45:24","modified_gmt":"2026-03-15T10:45:24","slug":"contact-us","status":"publish","type":"page","link":"https:\/\/www.getclawhub.com\/de\/contact-us\/","title":{"rendered":"Kontaktieren Sie uns"},"content":{"rendered":"<style>\n\t\t\t#gch-contact-wrap, #gch-contact-wrap * {\n\t\t\t\tbox-sizing: border-box;\n\t\t\t}\n\n\t\t\t#gch-contact-wrap {\n\t\t\t\t--gch-contact-ink: #0a0a0f;\n\t\t\t\t--gch-contact-paper: #f5f4ef;\n\t\t\t\t--gch-contact-card: #ffffff;\n\t\t\t\t--gch-contact-border: #dedad2;\n\t\t\t\t--gch-contact-muted: #6b6960;\n\t\t\t\t--gch-contact-amber: #e8a020;\n\t\t\t\t--gch-contact-amber-pale: #fdf3d8;\n\t\t\t\t--gch-contact-teal: #0f7c6e;\n\t\t\t\t--gch-contact-shadow: 0 8px 34px rgba(10, 10, 15, 0.08);\n\t\t\t\tbackground: var(--gch-contact-paper);\n\t\t\t\tcolor: var(--gch-contact-ink);\n\t\t\t}\n\n\t\t\t#gch-contact-wrap a {\n\t\t\t\ttext-decoration: none;\n\t\t\t}\n\n\t\t\t#gch-contact-wrap .gch-contact-hero {\n\t\t\t\tposition: relative;\n\t\t\t\toverflow: hidden;\n\t\t\t\tbackground: #0a0a0f;\n\t\t\t\tpadding: 92px 5vw 84px;\n\t\t\t}\n\n\t\t\t#gch-contact-wrap .gch-contact-hero::before,\n\t\t\t#gch-contact-wrap .gch-contact-hero::after {\n\t\t\t\tcontent: '';\n\t\t\t\tposition: absolute;\n\t\t\t\tborder-radius: 999px;\n\t\t\t\tfilter: blur(6px);\n\t\t\t\topacity: 0.8;\n\t\t\t}\n\n\t\t\t#gch-contact-wrap .gch-contact-hero::before {\n\t\t\t\ttop: -120px;\n\t\t\t\tright: -140px;\n\t\t\t\twidth: 360px;\n\t\t\t\theight: 360px;\n\t\t\t\tbackground: radial-gradient(circle, rgba(232, 160, 32, 0.22) 0%, rgba(232, 160, 32, 0) 72%);\n\t\t\t}\n\n\t\t\t#gch-contact-wrap .gch-contact-hero::after {\n\t\t\t\tleft: -120px;\n\t\t\t\tbottom: -160px;\n\t\t\t\twidth: 320px;\n\t\t\t\theight: 320px;\n\t\t\t\tbackground: radial-gradient(circle, rgba(15, 124, 110, 0.20) 0%, rgba(15, 124, 110, 0) 70%);\n\t\t\t}\n\n\t\t\t#gch-contact-wrap .gch-contact-hero-inner {\n\t\t\t\tposition: relative;\n\t\t\t\tz-index: 1;\n\t\t\t\tmax-width: 1200px;\n\t\t\t\tmargin: 0 auto;\n\t\t\t}\n\n\t\t\t#gch-contact-wrap .gch-contact-kicker {\n\t\t\t\tdisplay: inline-flex;\n\t\t\t\talign-items: center;\n\t\t\t\tgap: 8px;\n\t\t\t\tpadding: 7px 14px;\n\t\t\t\tborder: 1px solid rgba(232, 160, 32, 0.28);\n\t\t\t\tborder-radius: 999px;\n\t\t\t\tbackground: rgba(232, 160, 32, 0.12);\n\t\t\t\tcolor: var(--gch-contact-amber);\n\t\t\t\tfont-size: 0.76rem;\n\t\t\t\tfont-weight: 700;\n\t\t\t\tletter-spacing: 0.08em;\n\t\t\t\ttext-transform: uppercase;\n\t\t\t}\n\n\t\t\t#gch-contact-wrap .gch-contact-kicker-dot {\n\t\t\t\twidth: 7px;\n\t\t\t\theight: 7px;\n\t\t\t\tborder-radius: 999px;\n\t\t\t\tbackground: currentColor;\n\t\t\t}\n\n\t\t\t#gch-contact-wrap .gch-contact-hero-grid {\n\t\t\t\tdisplay: grid;\n\t\t\t\tgrid-template-columns: minmax(0, 1.2fr) minmax(320px, 0.8fr);\n\t\t\t\tgap: 40px;\n\t\t\t\talign-items: end;\n\t\t\t\tmargin-top: 28px;\n\t\t\t}\n\n\t\t\t#gch-contact-wrap .gch-contact-hero-copy h1 {\n\t\t\t\tmargin: 0 0 18px;\n\t\t\t\tcolor: #ffffff;\n\t\t\t\tfont-size: clamp(2.4rem, 4.4vw, 4rem);\n\t\t\t\tline-height: 1.05;\n\t\t\t\tletter-spacing: -0.03em;\n\t\t\t}\n\n\t\t\t#gch-contact-wrap .gch-contact-hero-copy p {\n\t\t\t\tmax-width: 680px;\n\t\t\t\tmargin: 0;\n\t\t\t\tcolor: rgba(245, 244, 239, 0.76);\n\t\t\t\tfont-size: 1.02rem;\n\t\t\t\tline-height: 1.78;\n\t\t\t}\n\n\t\t\t#gch-contact-wrap .gch-contact-hero-panel {\n\t\t\t\tpadding: 28px;\n\t\t\t\tborder: 1px solid rgba(255, 255, 255, 0.08);\n\t\t\t\tborder-radius: 24px;\n\t\t\t\tbackground: rgba(255, 255, 255, 0.06);\n\t\t\t\tbackdrop-filter: blur(10px);\n\t\t\t\tcolor: #ffffff;\n\t\t\t\tbox-shadow: 0 18px 44px rgba(0, 0, 0, 0.18);\n\t\t\t}\n\n\t\t\t#gch-contact-wrap .gch-contact-hero-panel-label {\n\t\t\t\tmargin: 0 0 10px;\n\t\t\t\tcolor: rgba(245, 244, 239, 0.58);\n\t\t\t\tfont-size: 0.76rem;\n\t\t\t\tfont-weight: 700;\n\t\t\t\tletter-spacing: 0.08em;\n\t\t\t\ttext-transform: uppercase;\n\t\t\t}\n\n\t\t\t#gch-contact-wrap .gch-contact-email {\n\t\t\t\tdisplay: inline-flex;\n\t\t\t\talign-items: center;\n\t\t\t\tgap: 10px;\n\t\t\t\tmargin-bottom: 16px;\n\t\t\t\tcolor: #ffffff;\n\t\t\t\tfont-size: 1.05rem;\n\t\t\t\tfont-weight: 700;\n\t\t\t\tword-break: break-all;\n\t\t\t}\n\n\t\t\t#gch-contact-wrap .gch-contact-hero-panel p {\n\t\t\t\tmargin: 0;\n\t\t\t\tcolor: rgba(245, 244, 239, 0.72);\n\t\t\t\tfont-size: 0.93rem;\n\t\t\t\tline-height: 1.7;\n\t\t\t}\n\n\t\t\t#gch-contact-wrap .gch-contact-main {\n\t\t\t\tmax-width: 1200px;\n\t\t\t\tmargin: 0 auto;\n\t\t\t\tpadding: 68px 5vw 96px;\n\t\t\t}\n\n\t\t\t#gch-contact-wrap .gch-contact-grid {\n\t\t\t\tdisplay: grid;\n\t\t\t\tgrid-template-columns: repeat(3, minmax(0, 1fr));\n\t\t\t\tgap: 22px;\n\t\t\t\tmargin-bottom: 28px;\n\t\t\t}\n\n\t\t\t#gch-contact-wrap .gch-contact-card {\n\t\t\t\theight: 100%;\n\t\t\t\tpadding: 28px;\n\t\t\t\tborder: 1px solid var(--gch-contact-border);\n\t\t\t\tborder-radius: 22px;\n\t\t\t\tbackground: var(--gch-contact-card);\n\t\t\t\tbox-shadow: var(--gch-contact-shadow);\n\t\t\t}\n\n\t\t\t#gch-contact-wrap .gch-contact-card-highlight {\n\t\t\t\tbackground: linear-gradient(180deg, #fffdf7 0%, #ffffff 100%);\n\t\t\t}\n\n\t\t\t#gch-contact-wrap .gch-contact-icon {\n\t\t\t\twidth: 48px;\n\t\t\t\theight: 48px;\n\t\t\t\tdisplay: inline-grid;\n\t\t\t\tplace-items: center;\n\t\t\t\tmargin-bottom: 20px;\n\t\t\t\tborder-radius: 14px;\n\t\t\t\tbackground: var(--gch-contact-amber-pale);\n\t\t\t\tcolor: #7f5700;\n\t\t\t\tfont-size: 1.3rem;\n\t\t\t}\n\n\t\t\t#gch-contact-wrap .gch-contact-card h2,\n\t\t\t#gch-contact-wrap .gch-contact-card h3 {\n\t\t\t\tmargin: 0 0 12px;\n\t\t\t\tfont-size: 1.18rem;\n\t\t\t\tline-height: 1.2;\n\t\t\t\tletter-spacing: -0.02em;\n\t\t\t}\n\n\t\t\t#gch-contact-wrap .gch-contact-card p,\n\t\t\t#gch-contact-wrap .gch-contact-card li {\n\t\t\t\tmargin: 0;\n\t\t\t\tcolor: var(--gch-contact-muted);\n\t\t\t\tfont-size: 0.93rem;\n\t\t\t\tline-height: 1.72;\n\t\t\t}\n\n\t\t\t#gch-contact-wrap .gch-contact-card ul {\n\t\t\t\tmargin: 16px 0 0;\n\t\t\t\tpadding: 0;\n\t\t\t\tlist-style: none;\n\t\t\t\tdisplay: grid;\n\t\t\t\tgap: 10px;\n\t\t\t}\n\n\t\t\t#gch-contact-wrap .gch-contact-card li {\n\t\t\t\tdisplay: flex;\n\t\t\t\talign-items: flex-start;\n\t\t\t\tgap: 10px;\n\t\t\t}\n\n\t\t\t#gch-contact-wrap .gch-contact-card li::before {\n\t\t\t\tcontent: '';\n\t\t\t\tflex: 0 0 auto;\n\t\t\t\twidth: 7px;\n\t\t\t\theight: 7px;\n\t\t\t\tmargin-top: 8px;\n\t\t\t\tborder-radius: 999px;\n\t\t\t\tbackground: var(--gch-contact-teal);\n\t\t\t}\n\n\t\t\t#gch-contact-wrap .gch-contact-actions {\n\t\t\t\tdisplay: flex;\n\t\t\t\tflex-wrap: wrap;\n\t\t\t\tgap: 12px;\n\t\t\t\tmargin-top: 22px;\n\t\t\t}\n\n\t\t\t#gch-contact-wrap .gch-contact-button,\n\t\t\t#gch-contact-wrap .gch-contact-link {\n\t\t\t\tdisplay: inline-flex;\n\t\t\t\talign-items: center;\n\t\t\t\tjustify-content: center;\n\t\t\t\tgap: 8px;\n\t\t\t\tpadding: 13px 18px;\n\t\t\t\tborder-radius: 12px;\n\t\t\t\tfont-size: 0.92rem;\n\t\t\t\tfont-weight: 700;\n\t\t\t\ttransition: transform 0.2s ease, background-color 0.2s ease, color 0.2s ease, border-color 0.2s ease;\n\t\t\t}\n\n\t\t\t#gch-contact-wrap .gch-contact-button {\n\t\t\t\tbackground: #0a0a0f;\n\t\t\t\tcolor: #ffffff;\n\t\t\t\tbox-shadow: 0 12px 24px rgba(10, 10, 15, 0.14);\n\t\t\t}\n\n\t\t\t#gch-contact-wrap .gch-contact-button:hover {\n\t\t\t\ttransform: translateY(-1px);\n\t\t\t\tbackground: #df1720;\n\t\t\t}\n\n\t\t\t#gch-contact-wrap .gch-contact-link {\n\t\t\t\tborder: 1px solid var(--gch-contact-border);\n\t\t\t\tbackground: #ffffff;\n\t\t\t\tcolor: #0a0a0f;\n\t\t\t}\n\n\t\t\t#gch-contact-wrap .gch-contact-link:hover {\n\t\t\t\ttransform: translateY(-1px);\n\t\t\t\tborder-color: #c9c5bd;\n\t\t\t\tbackground: #faf9f4;\n\t\t\t}\n\n\t\t\t#gch-contact-wrap .gch-contact-support {\n\t\t\t\tdisplay: grid;\n\t\t\t\tgrid-template-columns: minmax(0, 1.1fr) minmax(0, 0.9fr);\n\t\t\t\tgap: 22px;\n\t\t\t\tmargin-top: 22px;\n\t\t\t}\n\n\t\t\t#gch-contact-wrap .gch-contact-note {\n\t\t\t\tmargin-top: 16px;\n\t\t\t\tpadding: 18px 20px;\n\t\t\t\tborder-radius: 16px;\n\t\t\t\tbackground: rgba(15, 124, 110, 0.06);\n\t\t\t\tborder: 1px solid rgba(15, 124, 110, 0.14);\n\t\t\t\tcolor: #0a4d43;\n\t\t\t\tfont-size: 0.9rem;\n\t\t\t\tline-height: 1.68;\n\t\t\t}\n\n\t\t\t@media (max-width: 980px) {\n\t\t\t\t#gch-contact-wrap .gch-contact-hero-grid,\n\t\t\t\t#gch-contact-wrap .gch-contact-grid,\n\t\t\t\t#gch-contact-wrap .gch-contact-support {\n\t\t\t\t\tgrid-template-columns: 1fr;\n\t\t\t\t}\n\t\t\t}\n\n\t\t\t@media (max-width: 768px) {\n\t\t\t\t#gch-contact-wrap .gch-contact-hero {\n\t\t\t\t\tpadding: 78px 16px 72px;\n\t\t\t\t}\n\n\t\t\t\t#gch-contact-wrap .gch-contact-main {\n\t\t\t\t\tpadding: 44px 16px 64px;\n\t\t\t\t}\n\n\t\t\t\t#gch-contact-wrap .gch-contact-card,\n\t\t\t\t#gch-contact-wrap .gch-contact-hero-panel {\n\t\t\t\t\tpadding: 22px;\n\t\t\t\t}\n\t\t\t}\n\t\t\t<\/style>\n\n\t\t\t<div id=\"gch-contact-wrap\">\n\t\t\t\t<section class=\"gch-contact-hero\">\n\t\t\t\t\t<div class=\"gch-contact-hero-inner\">\n\t\t\t\t\t\t<div class=\"gch-contact-kicker\">\n\t\t\t\t\t\t\t<span class=\"gch-contact-kicker-dot\"><\/span>\n\t\t\t\t\t\t\tKontaktieren Sie uns\t\t\t\t\t\t<\/div>\n\t\t\t\t\t\t<div class=\"gch-contact-hero-grid\">\n\t\t\t\t\t\t\t<div class=\"gch-contact-hero-copy\">\n\t\t\t\t\t\t\t\t<h1>Brauchen Sie Hilfe mit GetClawHub?<\/h1>\n\t\t\t\t\t\t\t\t<p>Wenn Sie ein Download-Problem, ein Kontoproblem oder eine Datenschutzfrage haben, senden Sie uns eine E-Mail, und wir weisen Sie auf den n\u00e4chsten Schritt hin. Diese Seite ist der schnellste Weg, um das Team hinter GetClawHub zu erreichen.<\/p>\n\t\t\t\t\t\t\t<\/div>\n\t\t\t\t\t\t\t<div class=\"gch-contact-hero-panel\">\n\t\t\t\t\t\t\t\t<div class=\"gch-contact-hero-panel-label\">Prim\u00e4re Support-E-Mail<\/div>\n\t\t\t\t\t\t\t\t<a class=\"gch-contact-email\" href=\"mailto:&#115;u&#112;p&#111;r&#116;&#064;g&#101;t&#099;&#108;&#097;&#119;&#104;&#117;&#098;&#046;&#099;&#111;m?subject=GetClawHub%20support%20request\">\n\t\t\t\t\t\t\t\t\t<span>\u2709<\/span>\n\t\t\t\t\t\t\t\t\t<span>support@getclawhub.com<\/span>\n\t\t\t\t\t\t\t\t<\/a>\n\t\t\t\t\t\t\t\t<p>Verwenden Sie diesen Posteingang f\u00fcr Download-Probleme, Kontozugriff, Abrechnungs- oder Abonnementfragen sowie Datenschutz- oder Datenanfragen.<\/p>\n\t\t\t\t\t\t\t<\/div>\n\t\t\t\t\t\t<\/div>\n\t\t\t\t\t<\/div>\n\t\t\t\t<\/section>\n\n\t\t\t\t<main class=\"gch-contact-main\">\n\t\t\t\t\t<section class=\"gch-contact-grid\">\n\t\t\t\t\t\t<article class=\"gch-contact-card gch-contact-card-highlight\">\n\t\t\t\t\t\t\t<div class=\"gch-contact-icon\">\u2709<\/div>\n\t\t\t\t\t\t\t<h2>E-Mail-Support<\/h2>\n\t\t\t\t\t\t\t<p>F\u00fcr die meisten Probleme ist E-Mail der beste Weg. F\u00fcgen Sie alle relevanten Screenshots, die Seite, auf der Sie sich befanden, und die mit Ihrem Konto verkn\u00fcpfte E-Mail-Adresse bei, damit wir schneller helfen k\u00f6nnen.<\/p>\n\t\t\t\t\t\t\t<div class=\"gch-contact-actions\">\n\t\t\t\t\t\t\t\t<a class=\"gch-contact-button\" href=\"mailto:&#115;u&#112;p&#111;r&#116;&#064;g&#101;t&#099;&#108;&#097;&#119;&#104;&#117;&#098;&#046;&#099;&#111;m?subject=GetClawHub%20support%20request\">E-Mail senden<\/a>\n\t\t\t\t\t\t\t\t<a class=\"gch-contact-link\" href=\"https:\/\/drive.google.com\/file\/d\/1oEc2Jy2JnCtbAT083AB8GNWdCblGgLVC\/view?usp=sharing\" target=\"_blank\" rel=\"nofollow noopener\">Erneut herunterladen<\/a>\n\t\t\t\t\t\t\t<\/div>\n\t\t\t\t\t\t<\/article>\n\n\t\t\t\t\t\t<article class=\"gch-contact-card\">\n\t\t\t\t\t\t\t<div class=\"gch-contact-icon\">\ud83d\udc64<\/div>\n\t\t\t\t\t\t\t<h2>Kontohilfe<\/h2>\n\t\t\t\t\t\t\t<p>Wenn Sie sich nicht anmelden k\u00f6nnen, Ihr Konto nicht verkn\u00fcpfen k\u00f6nnen oder Hilfe beim Zugriff auf Ihre Mitgliedschaft ben\u00f6tigen, beginnen Sie auf der Anmeldeseite und kontaktieren Sie uns, wenn das Problem weiterhin besteht.<\/p>\n\t\t\t\t\t\t\t<div class=\"gch-contact-actions\">\n\t\t\t\t\t\t\t\t<a class=\"gch-contact-link\" href=\"https:\/\/www.getclawhub.com\/de\/login\/\">Zur Anmeldung<\/a>\n\t\t\t\t\t\t\t\t<a class=\"gch-contact-link\" href=\"https:\/\/www.getclawhub.com\/de\/\">Zur\u00fcck zur Startseite<\/a>\n\t\t\t\t\t\t\t<\/div>\n\t\t\t\t\t\t<\/article>\n\n\t\t\t\t\t\t<article class=\"gch-contact-card\">\n\t\t\t\t\t\t\t<div class=\"gch-contact-icon\">\ud83d\udd12<\/div>\n\t\t\t\t\t\t\t<h2>Privacy &amp; Legal<\/h2>\n\t\t\t\t\t\t\t<p>Fragen zu Ihren Daten, L\u00f6schanfragen oder Policy-Interpretationen sollten ebenfalls an denselben Support-Posteingang gesendet werden. Geben Sie bei Ihrer Nachricht Ihre Kontomailadresse an.<\/p>\n\t\t\t\t\t\t\t<div class=\"gch-contact-actions\">\n\t\t\t\t\t\t\t\t<a class=\"gch-contact-link\" href=\"https:\/\/www.getclawhub.com\/de\/privacy-policy\/\">Datenschutzrichtlinie<\/a>\n\t\t\t\t\t\t\t\t<a class=\"gch-contact-link\" href=\"https:\/\/www.getclawhub.com\/de\/terms-of-service\/\">Nutzungsbedingungen<\/a>\n\t\t\t\t\t\t\t<\/div>\n\t\t\t\t\t\t<\/article>\n\t\t\t\t\t<\/section>\n\n\t\t\t\t\t<section class=\"gch-contact-support\">\n\t\t\t\t\t\t<article class=\"gch-contact-card\">\n\t\t\t\t\t\t\t<div class=\"gch-contact-icon\">\ud83d\udee0<\/div>\n\t\t\t\t\t\t\t<h3>Was in Ihrer Nachricht enthalten sein sollte<\/h3>\n\t\t\t\t\t\t\t<ul>\n\t\t\t\t\t\t\t\t<li>Ihre Kontomailadresse oder die E-Mail, die Sie mit GetClawHub verwenden m\u00f6chten.<\/li>\n\t\t\t\t\t\t\t\t<li>Eine kurze Beschreibung dessen, was passiert ist und was Sie stattdessen erwartet haben.<\/li>\n\t\t\t\t\t\t\t\t<li>Das Ger\u00e4t oder der Browser, den Sie verwenden, falls das Problem technisch ist.<\/li>\n\t\t\t\t\t\t\t\t<li>Screenshots oder kopierter Fehlertest, wenn verf\u00fcgbar.<\/li>\n\t\t\t\t\t\t\t<\/ul>\n\t\t\t\t\t\t\t<div class=\"gch-contact-note\">Bei Anmeldeproblemen in der App, den Ger\u00e4tecode oder einen Screenshot des Anmeldebildschirms der App beif\u00fcgen, falls Sie ihn noch haben. Das ist der schnellste Weg f\u00fcr uns, den Autorisierungsprozess nachzuvollziehen.<\/div>\n\t\t\t\t\t\t<\/article>\n\n\t\t\t\t\t\t<article class=\"gch-contact-card\">\n\t\t\t\t\t\t\t<div class=\"gch-contact-icon\">\u23f1<\/div>\n\t\t\t\t\t\t\t<h3>Typische Anforderungstypen<\/h3>\n\t\t\t\t\t\t\t<ul>\n\t\t\t\t\t\t\t\t<li>Download-Links funktionieren nicht oder der Installer stimmt nicht \u00fcberein.<\/li>\n\t\t\t\t\t\t\t\t<li>Anmelde-, Registrierungs- oder Kontozugriffsprobleme.<\/li>\n\t\t\t\t\t\t\t\t<li>Fragen zu Abonnements, Mitgliedsinhalten oder Kontostand.<\/li>\n\t\t\t\t\t\t\t\t<li>Datenschutz-, L\u00f6sch- oder Compliance-bezogene Anfragen.<\/li>\n\t\t\t\t\t\t\t<\/ul>\n\t\t\t\t\t\t\t<div class=\"gch-contact-actions\">\n\t\t\t\t\t\t\t\t<a class=\"gch-contact-button\" href=\"mailto:&#115;u&#112;p&#111;r&#116;&#064;g&#101;t&#099;&#108;&#097;&#119;&#104;&#117;&#098;&#046;&#099;&#111;m?subject=GetClawHub%20support%20request\">Support-E-Mail \u00f6ffnen<\/a>\n\t\t\t\t\t\t\t<\/div>\n\t\t\t\t\t\t<\/article>\n\t\t\t\t\t<\/section>\n\t\t\t\t<\/main>\n\t\t\t<\/div>","protected":false},"excerpt":{"rendered":"","protected":false},"author":0,"featured_media":0,"parent":0,"menu_order":0,"comment_status":"closed","ping_status":"closed","template":"elementor_canvas","meta":{"footnotes":""},"class_list":["post-1515","page","type-page","status-publish","hentry"],"blocksy_meta":[],"_links":{"self":[{"href":"https:\/\/www.getclawhub.com\/de\/wp-json\/wp\/v2\/pages\/1515","targetHints":{"allow":["GET"]}}],"collection":[{"href":"https:\/\/www.getclawhub.com\/de\/wp-json\/wp\/v2\/pages"}],"about":[{"href":"https:\/\/www.getclawhub.com\/de\/wp-json\/wp\/v2\/types\/page"}],"replies":[{"embeddable":true,"href":"https:\/\/www.getclawhub.com\/de\/wp-json\/wp\/v2\/comments?post=1515"}],"version-history":[{"count":0,"href":"https:\/\/www.getclawhub.com\/de\/wp-json\/wp\/v2\/pages\/1515\/revisions"}],"wp:attachment":[{"href":"https:\/\/www.getclawhub.com\/de\/wp-json\/wp\/v2\/media?parent=1515"}],"curies":[{"name":"wp","href":"https:\/\/api.w.org\/{rel}","templated":true}]}}